{"id":11,"date":"2015-04-28T07:32:45","date_gmt":"2015-04-28T07:32:45","guid":{"rendered":"http:\/\/dachprofi-englert.de\/?page_id=11"},"modified":"2023-01-18T08:15:18","modified_gmt":"2023-01-18T08:15:18","slug":"leistungen","status":"publish","type":"page","link":"https:\/\/dachprofi-englert.de\/index.php\/leistungen\/","title":{"rendered":"Was wir k\u00f6nnen"},"content":{"rendered":"<div class=\"wp-block-image\">\n<figure class=\"alignleft\"><a href=\"http:\/\/dachprofi-englert.de\/wp-content\/uploads\/2015\/04\/015f9accd95a42a79290085ec64813f4.jpg\"><img decoding=\"async\" loading=\"lazy\" width=\"300\" height=\"225\" src=\"http:\/\/dachprofi-englert.de\/wp-content\/uploads\/2015\/04\/015f9accd95a42a79290085ec64813f4-300x225.jpg\" alt=\"Dank eigener Krantechnik ist vieles m\u00f6glich.\" class=\"wp-image-153\" srcset=\"https:\/\/dachprofi-englert.de\/wp-content\/uploads\/2015\/04\/015f9accd95a42a79290085ec64813f4-300x225.jpg 300w, https:\/\/dachprofi-englert.de\/wp-content\/uploads\/2015\/04\/015f9accd95a42a79290085ec64813f4.jpg 640w\" sizes=\"(max-width: 300px) 100vw, 300px\" \/><\/a><figcaption class=\"wp-element-caption\">Dank eigener Krantechnik ist vieles m\u00f6glich.<\/figcaption><\/figure>\n<\/div>\n<p>Als moderner Dienstleistungsbetrieb arbeiten wir gerne kundenorientiert und sehen es als pers\u00f6nliche Herausforderung an, aus dem Unm\u00f6glichen das M\u00f6gliche zu machen.<\/p>\n<p>Aufgrund jahrelanger Erfahrung bieten wir Ihnen deshalb ein breites Spektrum an Leistungen und Informationen an.<\/p>\n<p>Nat\u00fcrlich sind wir auch f\u00fcr neue Innovationen immer offen und stehen Ihnen gerne zu einem pers\u00f6nlichen Gespr\u00e4ch zur Verf\u00fcgung.<\/p>\n<div class=\"is-layout-flex wp-container-2 wp-block-columns\">\n<div class=\"is-layout-flow wp-block-column\" style=\"flex-basis:100%\">\n<ul>\n<li><a href=\"http:\/\/dachprofi-englert.de\/index.php\/baustofflieferungen\/\">Baustofflieferung<\/a><\/li>\n<li><a href=\"http:\/\/dachprofi-englert.de\/index.php\/bodentreppen\/\">Bodentreppen<\/a><\/li>\n<li><a href=\"http:\/\/dachprofi-englert.de\/index.php\/carports\/\">Carports<\/a><\/li>\n<li><a href=\"http:\/\/dachprofi-englert.de\/index.php\/dachdeckungen\/\">Dachdeckungen<\/a><\/li>\n<li><a href=\"http:\/\/dachprofi-englert.de\/index.php\/dachgauben\/\">Dachgauben<\/a><\/li>\n<li><a href=\"http:\/\/dachprofi-englert.de\/index.php\/daemmungen\/\">D\u00e4mmungen<\/a><\/li>\n<li><a href=\"http:\/\/dachprofi-englert.de\/index.php\/fenstersysteme\/\">Fenstersysteme<\/a><\/li>\n<li><a href=\"http:\/\/dachprofi-englert.de\/index.php\/holzkonstruktionen\/\">Holzkonstruktionen<\/a><\/li>\n<li><a href=\"http:\/\/dachprofi-englert.de\/index.php\/holzrahmenbau\/\">Holzrahmenbau<\/a><\/li>\n<li><a href=\"http:\/\/dachprofi-englert.de\/index.php\/holzterassen\/\">Holzterassen<\/a><\/li>\n<li><a href=\"http:\/\/dachprofi-englert.de\/index.php\/pergolen-zaeune\/\">Pergolen &amp; Z\u00e4une<\/a><\/li>\n<li><a href=\"http:\/\/dachprofi-englert.de\/index.php\/vordaecher\/\">Vord\u00e4cher<\/a><\/li>\n<\/ul>\n<\/div>\n<\/div>\n","protected":false},"excerpt":{"rendered":"<p>Als moderner Dienstleistungsbetrieb arbeiten wir gerne kundenorientiert und sehen es als pers\u00f6nliche Herausforderung an, aus dem Unm\u00f6glichen das M\u00f6gliche zu machen. Aufgrund jahrelanger Erfahrung bieten wir Ihnen deshalb ein breites Spektrum an Leistungen und Informationen an. Nat\u00fcrlich sind wir auch f\u00fcr neue Innovationen immer offen und stehen Ihnen gerne zu einem pers\u00f6nlichen Gespr\u00e4ch zur Verf\u00fcgung.<\/p>\n","protected":false},"author":1,"featured_media":247,"parent":0,"menu_order":0,"comment_status":"closed","ping_status":"closed","template":"","meta":{"neve_meta_sidebar":"","neve_meta_container":"","neve_meta_enable_content_width":"","neve_meta_content_width":0,"neve_meta_title_alignment":"","neve_meta_author_avatar":"","neve_post_elements_order":"","neve_meta_disable_header":"","neve_meta_disable_footer":"","neve_meta_disable_title":""},"_links":{"self":[{"href":"https:\/\/dachprofi-englert.de\/index.php\/wp-json\/wp\/v2\/pages\/11"}],"collection":[{"href":"https:\/\/dachprofi-englert.de\/index.php\/wp-json\/wp\/v2\/pages"}],"about":[{"href":"https:\/\/dachprofi-englert.de\/index.php\/wp-json\/wp\/v2\/types\/page"}],"author":[{"embeddable":true,"href":"https:\/\/dachprofi-englert.de\/index.php\/wp-json\/wp\/v2\/users\/1"}],"replies":[{"embeddable":true,"href":"https:\/\/dachprofi-englert.de\/index.php\/wp-json\/wp\/v2\/comments?post=11"}],"version-history":[{"count":19,"href":"https:\/\/dachprofi-englert.de\/index.php\/wp-json\/wp\/v2\/pages\/11\/revisions"}],"predecessor-version":[{"id":901,"href":"https:\/\/dachprofi-englert.de\/index.php\/wp-json\/wp\/v2\/pages\/11\/revisions\/901"}],"wp:featuredmedia":[{"embeddable":true,"href":"https:\/\/dachprofi-englert.de\/index.php\/wp-json\/wp\/v2\/media\/247"}],"wp:attachment":[{"href":"https:\/\/dachprofi-englert.de\/index.php\/wp-json\/wp\/v2\/media?parent=11"}],"curies":[{"name":"wp","href":"https:\/\/api.w.org\/{rel}","templated":true}]}}