{"id":37,"date":"2015-05-01T06:02:46","date_gmt":"2015-05-01T06:02:46","guid":{"rendered":"http:\/\/dachprofi-englert.de\/?page_id=37"},"modified":"2023-01-18T08:11:47","modified_gmt":"2023-01-18T08:11:47","slug":"fuhrpark","status":"publish","type":"page","link":"https:\/\/dachprofi-englert.de\/index.php\/fuhrpark\/","title":{"rendered":"Fuhrpark haben wir stark verkleinert."},"content":{"rendered":"<div id=\"attachment_132\" style=\"width: 310px\" class=\"wp-caption alignleft\"><a href=\"http:\/\/dachprofi-englert.de\/wp-content\/uploads\/2015\/05\/fuhrpark-g.jpg\"><img aria-describedby=\"caption-attachment-132\" decoding=\"async\" loading=\"lazy\" class=\"wp-image-132 size-medium\" src=\"http:\/\/dachprofi-englert.de\/wp-content\/uploads\/2015\/05\/fuhrpark-g-300x225.jpg\" alt=\"Fuhrpark\" width=\"300\" height=\"225\" srcset=\"https:\/\/dachprofi-englert.de\/wp-content\/uploads\/2015\/05\/fuhrpark-g-300x225.jpg 300w, https:\/\/dachprofi-englert.de\/wp-content\/uploads\/2015\/05\/fuhrpark-g.jpg 800w\" sizes=\"(max-width: 300px) 100vw, 300px\" \/><\/a><\/p>\n<p id=\"caption-attachment-132\" class=\"wp-caption-text\">Ein Teil des Fuhrparks von Dachprofi Englert.<\/p>\n<\/div>\n<p>Mit unserem gut ausgestatteten Fuhrpark sind wir in der Lage jede Situation kompetent f\u00fcr Sie zu meistern.<\/p>\n<p>Unter anderem stehen uns hier f\u00fcr Ihre Aufgabe folgende Fahrzeuge zur Verf\u00fcgung:<\/p>\n<table id=\"tablepress-2\" class=\"tablepress tablepress-id-2\">\n<tbody>\n<tr class=\"row-1 odd\">\n<td class=\"column-1\">Bauwagen, Model 1999<\/td>\n<\/tr>\n<tr class=\"row-2 even\">\n<td class=\"column-1\">LKW Daimler Benz 817, Pritsche 7,20<\/td>\n<\/tr>\n<tr class=\"row-3 odd\">\n<td class=\"column-1\">LKW Daimler Benz 823, Kipper Modell 2006<\/td>\n<\/tr>\n<tr class=\"row-4 even\">\n<td class=\"column-1\">Schnellmontagekran Blitzlift 16-20 mit Tandem-Stra\u00dfenfahrwerk<\/td>\n<\/tr>\n<tr class=\"row-5 odd\">\n<td class=\"column-1\">Tieflader PKW Anh\u00e4nger<\/td>\n<\/tr>\n<tr class=\"row-6 even\">\n<td class=\"column-1\">VW Bus T5, Modell 2004<\/td>\n<\/tr>\n<tr class=\"row-7 odd\">\n<td class=\"column-1\">VW Bus T5, Modell 2005<\/td>\n<\/tr>\n<tr class=\"row-8 even\">\n<td class=\"column-1\">Werkstatt Montage Kofferh\u00e4nger, Modell 2004<\/td>\n<\/tr>\n<\/tbody>\n<\/table>\n<p><!-- #tablepress-2 from cache --><\/p>\n","protected":false},"excerpt":{"rendered":"<p>Mit unserem gut ausgestatteten Fuhrpark sind wir in der Lage jede Situation kompetent f\u00fcr Sie zu meistern. Unter anderem stehen uns hier f\u00fcr Ihre Aufgabe folgende Fahrzeuge zur Verf\u00fcgung:<\/p>\n","protected":false},"author":1,"featured_media":245,"parent":0,"menu_order":0,"comment_status":"closed","ping_status":"closed","template":"","meta":{"neve_meta_sidebar":"","neve_meta_container":"","neve_meta_enable_content_width":"","neve_meta_content_width":0,"neve_meta_title_alignment":"","neve_meta_author_avatar":"","neve_post_elements_order":"","neve_meta_disable_header":"","neve_meta_disable_footer":"","neve_meta_disable_title":""},"_links":{"self":[{"href":"https:\/\/dachprofi-englert.de\/index.php\/wp-json\/wp\/v2\/pages\/37"}],"collection":[{"href":"https:\/\/dachprofi-englert.de\/index.php\/wp-json\/wp\/v2\/pages"}],"about":[{"href":"https:\/\/dachprofi-englert.de\/index.php\/wp-json\/wp\/v2\/types\/page"}],"author":[{"embeddable":true,"href":"https:\/\/dachprofi-englert.de\/index.php\/wp-json\/wp\/v2\/users\/1"}],"replies":[{"embeddable":true,"href":"https:\/\/dachprofi-englert.de\/index.php\/wp-json\/wp\/v2\/comments?post=37"}],"version-history":[{"count":9,"href":"https:\/\/dachprofi-englert.de\/index.php\/wp-json\/wp\/v2\/pages\/37\/revisions"}],"predecessor-version":[{"id":833,"href":"https:\/\/dachprofi-englert.de\/index.php\/wp-json\/wp\/v2\/pages\/37\/revisions\/833"}],"wp:featuredmedia":[{"embeddable":true,"href":"https:\/\/dachprofi-englert.de\/index.php\/wp-json\/wp\/v2\/media\/245"}],"wp:attachment":[{"href":"https:\/\/dachprofi-englert.de\/index.php\/wp-json\/wp\/v2\/media?parent=37"}],"curies":[{"name":"wp","href":"https:\/\/api.w.org\/{rel}","templated":true}]}}