{"id":45,"date":"2015-05-01T06:03:48","date_gmt":"2015-05-01T06:03:48","guid":{"rendered":"http:\/\/dachprofi-englert.de\/?page_id=45"},"modified":"2023-01-18T08:11:23","modified_gmt":"2023-01-18T08:11:23","slug":"team-2","status":"publish","type":"page","link":"https:\/\/dachprofi-englert.de\/index.php\/team-2\/","title":{"rendered":"Team, leider mussten wir uns nach unserer Betriebsaufl\u00f6sung auch von unserem Team trennen."},"content":{"rendered":"<div id=\"attachment_137\" style=\"width: 310px\" class=\"wp-caption alignleft\"><a href=\"https:\/\/dachprofi-englert.de\/wp-content\/uploads\/2015\/05\/team-g.jpg\"><img aria-describedby=\"caption-attachment-137\" decoding=\"async\" loading=\"lazy\" class=\"size-medium wp-image-137\" src=\"http:\/\/dachprofi-englert.de\/wp-content\/uploads\/2015\/05\/team-g-300x225.jpg\" alt=\"Team\" width=\"300\" height=\"225\" srcset=\"https:\/\/dachprofi-englert.de\/wp-content\/uploads\/2015\/05\/team-g-300x225.jpg 300w, https:\/\/dachprofi-englert.de\/wp-content\/uploads\/2015\/05\/team-g.jpg 800w\" sizes=\"(max-width: 300px) 100vw, 300px\" \/><\/a><\/p>\n<p id=\"caption-attachment-137\" class=\"wp-caption-text\">Das Team von Dachprofi Englert.<\/p>\n<\/div>\n<p>Unserer \u00fcberdurchschnittlich leistungsf\u00e4higen Crew besteht zur Zeit aus insgesamt 6 Mitarbeitern.<\/p>\n<p>Diese wird vom Firmeninhaber und Meister Peter Englert gef\u00fchrt und geleitet.<\/p>\n<p>Unterst\u00fctzt wird dieser von seiner Frau Claudia Englert, welche alle Aufgaben rund um das B\u00fcro erledigt.<\/p>\n","protected":false},"excerpt":{"rendered":"<p>Unserer \u00fcberdurchschnittlich leistungsf\u00e4higen Crew besteht zur Zeit aus insgesamt 6 Mitarbeitern. Diese wird vom Firmeninhaber und Meister Peter Englert gef\u00fchrt und geleitet. Unterst\u00fctzt wird dieser von seiner Frau Claudia Englert, welche alle Aufgaben rund um das B\u00fcro erledigt.<\/p>\n","protected":false},"author":1,"featured_media":245,"parent":0,"menu_order":0,"comment_status":"closed","ping_status":"closed","template":"","meta":{"neve_meta_sidebar":"","neve_meta_container":"","neve_meta_enable_content_width":"","neve_meta_content_width":0,"neve_meta_title_alignment":"","neve_meta_author_avatar":"","neve_post_elements_order":"","neve_meta_disable_header":"","neve_meta_disable_footer":"","neve_meta_disable_title":""},"_links":{"self":[{"href":"https:\/\/dachprofi-englert.de\/index.php\/wp-json\/wp\/v2\/pages\/45"}],"collection":[{"href":"https:\/\/dachprofi-englert.de\/index.php\/wp-json\/wp\/v2\/pages"}],"about":[{"href":"https:\/\/dachprofi-englert.de\/index.php\/wp-json\/wp\/v2\/types\/page"}],"author":[{"embeddable":true,"href":"https:\/\/dachprofi-englert.de\/index.php\/wp-json\/wp\/v2\/users\/1"}],"replies":[{"embeddable":true,"href":"https:\/\/dachprofi-englert.de\/index.php\/wp-json\/wp\/v2\/comments?post=45"}],"version-history":[{"count":4,"href":"https:\/\/dachprofi-englert.de\/index.php\/wp-json\/wp\/v2\/pages\/45\/revisions"}],"predecessor-version":[{"id":832,"href":"https:\/\/dachprofi-englert.de\/index.php\/wp-json\/wp\/v2\/pages\/45\/revisions\/832"}],"wp:featuredmedia":[{"embeddable":true,"href":"https:\/\/dachprofi-englert.de\/index.php\/wp-json\/wp\/v2\/media\/245"}],"wp:attachment":[{"href":"https:\/\/dachprofi-englert.de\/index.php\/wp-json\/wp\/v2\/media?parent=45"}],"curies":[{"name":"wp","href":"https:\/\/api.w.org\/{rel}","templated":true}]}}