{"id":61,"date":"2015-05-01T06:07:31","date_gmt":"2015-05-01T06:07:31","guid":{"rendered":"http:\/\/dachprofi-englert.de\/?page_id=61"},"modified":"2023-01-18T08:08:38","modified_gmt":"2023-01-18T08:08:38","slug":"daemmungen","status":"publish","type":"page","link":"https:\/\/dachprofi-englert.de\/index.php\/daemmungen\/","title":{"rendered":"D\u00e4mmungen"},"content":{"rendered":"<div id=\"attachment_175\" style=\"width: 310px\" class=\"wp-caption alignleft\"><a href=\"https:\/\/dachprofi-englert.de\/wp-content\/uploads\/2015\/05\/daemmungen-g.jpg\"><img aria-describedby=\"caption-attachment-175\" decoding=\"async\" loading=\"lazy\" class=\"wp-image-175 size-medium\" src=\"http:\/\/dachprofi-englert.de\/wp-content\/uploads\/2015\/05\/daemmungen-g-300x225.jpg\" alt=\"D\u00e4mmungen\" width=\"300\" height=\"225\" srcset=\"https:\/\/dachprofi-englert.de\/wp-content\/uploads\/2015\/05\/daemmungen-g-300x225.jpg 300w, https:\/\/dachprofi-englert.de\/wp-content\/uploads\/2015\/05\/daemmungen-g.jpg 800w\" sizes=\"(max-width: 300px) 100vw, 300px\" \/><\/a><\/p>\n<p id=\"caption-attachment-175\" class=\"wp-caption-text\">D\u00e4mmungen<\/p>\n<\/div>\n<p>Als Spezialisten im Holzbau sind wir auch vertraut mit den M\u00f6glichkeiten, eine optimale D\u00e4mmung f\u00fcr Ihr Anwesen zu schaffen.<\/p>\n<p>Ob Wand oder Dach, ob g\u00e4ngige Mineral- und Steinwolle bis hin zur professionellen vollf\u00e4chigen Aufdachd\u00e4mmung f\u00fcr sichtbare Dachst\u00fchle wir kennen uns mit allem aus.<\/p>\n<p>Gerne bieten wir Ihnen auch Produkte im Bereich der &#8222;gesunden&#8220; D\u00e4mmung mit Schafwolle an.<\/p>\n","protected":false},"excerpt":{"rendered":"<p>Als Spezialisten im Holzbau sind wir auch vertraut mit den M\u00f6glichkeiten, eine optimale D\u00e4mmung f\u00fcr Ihr Anwesen zu schaffen. Ob Wand oder Dach, ob g\u00e4ngige Mineral- und Steinwolle bis hin zur professionellen vollf\u00e4chigen Aufdachd\u00e4mmung f\u00fcr sichtbare Dachst\u00fchle wir kennen uns mit allem aus. Gerne bieten wir Ihnen auch Produkte im Bereich der &#8222;gesunden&#8220; D\u00e4mmung mit&hellip;&nbsp;<a href=\"https:\/\/dachprofi-englert.de\/index.php\/daemmungen\/\" class=\"\" rel=\"bookmark\">Weiterlesen &raquo;<span class=\"screen-reader-text\">D\u00e4mmungen<\/span><\/a><\/p>\n","protected":false},"author":1,"featured_media":247,"parent":0,"menu_order":0,"comment_status":"closed","ping_status":"closed","template":"","meta":{"neve_meta_sidebar":"","neve_meta_container":"","neve_meta_enable_content_width":"","neve_meta_content_width":0,"neve_meta_title_alignment":"","neve_meta_author_avatar":"","neve_post_elements_order":"","neve_meta_disable_header":"","neve_meta_disable_footer":"","neve_meta_disable_title":""},"_links":{"self":[{"href":"https:\/\/dachprofi-englert.de\/index.php\/wp-json\/wp\/v2\/pages\/61"}],"collection":[{"href":"https:\/\/dachprofi-englert.de\/index.php\/wp-json\/wp\/v2\/pages"}],"about":[{"href":"https:\/\/dachprofi-englert.de\/index.php\/wp-json\/wp\/v2\/types\/page"}],"author":[{"embeddable":true,"href":"https:\/\/dachprofi-englert.de\/index.php\/wp-json\/wp\/v2\/users\/1"}],"replies":[{"embeddable":true,"href":"https:\/\/dachprofi-englert.de\/index.php\/wp-json\/wp\/v2\/comments?post=61"}],"version-history":[{"count":4,"href":"https:\/\/dachprofi-englert.de\/index.php\/wp-json\/wp\/v2\/pages\/61\/revisions"}],"predecessor-version":[{"id":927,"href":"https:\/\/dachprofi-englert.de\/index.php\/wp-json\/wp\/v2\/pages\/61\/revisions\/927"}],"wp:featuredmedia":[{"embeddable":true,"href":"https:\/\/dachprofi-englert.de\/index.php\/wp-json\/wp\/v2\/media\/247"}],"wp:attachment":[{"href":"https:\/\/dachprofi-englert.de\/index.php\/wp-json\/wp\/v2\/media?parent=61"}],"curies":[{"name":"wp","href":"https:\/\/api.w.org\/{rel}","templated":true}]}}