{"id":63,"date":"2015-05-01T06:08:02","date_gmt":"2015-05-01T06:08:02","guid":{"rendered":"http:\/\/dachprofi-englert.de\/?page_id=63"},"modified":"2023-01-18T08:09:00","modified_gmt":"2023-01-18T08:09:00","slug":"fenstersysteme","status":"publish","type":"page","link":"https:\/\/dachprofi-englert.de\/index.php\/fenstersysteme\/","title":{"rendered":"Fenstersysteme"},"content":{"rendered":"<div id=\"attachment_177\" style=\"width: 310px\" class=\"wp-caption alignleft\"><a href=\"https:\/\/dachprofi-englert.de\/wp-content\/uploads\/2015\/05\/fenstersysteme-g.jpg\"><img aria-describedby=\"caption-attachment-177\" decoding=\"async\" loading=\"lazy\" class=\"size-medium wp-image-177\" src=\"http:\/\/dachprofi-englert.de\/wp-content\/uploads\/2015\/05\/fenstersysteme-g-300x225.jpg\" alt=\"Fenstersysteme\" width=\"300\" height=\"225\" srcset=\"https:\/\/dachprofi-englert.de\/wp-content\/uploads\/2015\/05\/fenstersysteme-g-300x225.jpg 300w, https:\/\/dachprofi-englert.de\/wp-content\/uploads\/2015\/05\/fenstersysteme-g.jpg 800w\" sizes=\"(max-width: 300px) 100vw, 300px\" \/><\/a><\/p>\n<p id=\"caption-attachment-177\" class=\"wp-caption-text\">Fenstersysteme<\/p>\n<\/div>\n<p>Wir verarbeiten f\u00fcr Sie Fenster- und Dachbodenssteme aus Holz und Kunststoff.<\/p>\n<p>Besonders gerne greifen wir hierbei auf die Qualit\u00e4t der Rotodachsysteme zur\u00fcck.<\/p>\n<p>Nat\u00fcrlich arbeiten wir aber auch mit allen anderen namhaften Herstellern sehr gut zusammen.<\/p>\n","protected":false},"excerpt":{"rendered":"<p>Wir verarbeiten f\u00fcr Sie Fenster- und Dachbodenssteme aus Holz und Kunststoff. Besonders gerne greifen wir hierbei auf die Qualit\u00e4t der Rotodachsysteme zur\u00fcck. Nat\u00fcrlich arbeiten wir aber auch mit allen anderen namhaften Herstellern sehr gut zusammen.<\/p>\n","protected":false},"author":1,"featured_media":247,"parent":0,"menu_order":0,"comment_status":"closed","ping_status":"closed","template":"","meta":{"neve_meta_sidebar":"","neve_meta_container":"","neve_meta_enable_content_width":"","neve_meta_content_width":0,"neve_meta_title_alignment":"","neve_meta_author_avatar":"","neve_post_elements_order":"","neve_meta_disable_header":"","neve_meta_disable_footer":"","neve_meta_disable_title":""},"_links":{"self":[{"href":"https:\/\/dachprofi-englert.de\/index.php\/wp-json\/wp\/v2\/pages\/63"}],"collection":[{"href":"https:\/\/dachprofi-englert.de\/index.php\/wp-json\/wp\/v2\/pages"}],"about":[{"href":"https:\/\/dachprofi-englert.de\/index.php\/wp-json\/wp\/v2\/types\/page"}],"author":[{"embeddable":true,"href":"https:\/\/dachprofi-englert.de\/index.php\/wp-json\/wp\/v2\/users\/1"}],"replies":[{"embeddable":true,"href":"https:\/\/dachprofi-englert.de\/index.php\/wp-json\/wp\/v2\/comments?post=63"}],"version-history":[{"count":4,"href":"https:\/\/dachprofi-englert.de\/index.php\/wp-json\/wp\/v2\/pages\/63\/revisions"}],"predecessor-version":[{"id":928,"href":"https:\/\/dachprofi-englert.de\/index.php\/wp-json\/wp\/v2\/pages\/63\/revisions\/928"}],"wp:featuredmedia":[{"embeddable":true,"href":"https:\/\/dachprofi-englert.de\/index.php\/wp-json\/wp\/v2\/media\/247"}],"wp:attachment":[{"href":"https:\/\/dachprofi-englert.de\/index.php\/wp-json\/wp\/v2\/media?parent=63"}],"curies":[{"name":"wp","href":"https:\/\/api.w.org\/{rel}","templated":true}]}}