{"id":70,"date":"2015-05-01T06:08:41","date_gmt":"2015-05-01T06:08:41","guid":{"rendered":"http:\/\/dachprofi-englert.de\/?page_id=70"},"modified":"2023-01-18T08:16:40","modified_gmt":"2023-01-18T08:16:40","slug":"holzterassen","status":"publish","type":"page","link":"https:\/\/dachprofi-englert.de\/index.php\/holzterassen\/","title":{"rendered":"Holzterassen"},"content":{"rendered":"<div id=\"attachment_183\" style=\"width: 310px\" class=\"wp-caption alignleft\"><a href=\"http:\/\/dachprofi-englert.de\/wp-content\/uploads\/2015\/05\/holzterassen-g.jpg\"><img aria-describedby=\"caption-attachment-183\" decoding=\"async\" loading=\"lazy\" class=\"size-medium wp-image-183\" src=\"http:\/\/dachprofi-englert.de\/wp-content\/uploads\/2015\/05\/holzterassen-g-300x225.jpg\" alt=\"Holzterassen\" width=\"300\" height=\"225\" srcset=\"https:\/\/dachprofi-englert.de\/wp-content\/uploads\/2015\/05\/holzterassen-g-300x225.jpg 300w, https:\/\/dachprofi-englert.de\/wp-content\/uploads\/2015\/05\/holzterassen-g.jpg 800w\" sizes=\"(max-width: 300px) 100vw, 300px\" \/><\/a><\/p>\n<p id=\"caption-attachment-183\" class=\"wp-caption-text\">Holzterassen<\/p>\n<\/div>\n<p>Unsere beliebten Holzterrassen sind nicht \u00fcberdachte Plattformen, welche dem Aufenthalt im Freien dienen. In der Regel werden diese dem Erdgeschoss eines Geb\u00e4udes vorgebaut.<\/p>\n<p>Jedoch besteht auch die M\u00f6glichkeit aus einem gro\u00dfen und oben offenen Balkon eine wunderbare Terrasse zu gestalten.<\/p>\n<p>Oft werden diese von unseren Kunden mit einer Markise oder Pergola zus\u00e4tzlich ausgestattet um im Sommer f\u00fcr k\u00fchlen Schatten zu sorgen.<\/p>\n<p>F\u00fcr eine gelungene Terrasse sollte unserer Ansicht nach nicht nur der Unterbau aus einer Holzkonstruktion, sondern auch der Belag aus Holz bestehen.<\/p>\n","protected":false},"excerpt":{"rendered":"<p>Unsere beliebten Holzterrassen sind nicht \u00fcberdachte Plattformen, welche dem Aufenthalt im Freien dienen. In der Regel werden diese dem Erdgeschoss eines Geb\u00e4udes vorgebaut. Jedoch besteht auch die M\u00f6glichkeit aus einem gro\u00dfen und oben offenen Balkon eine wunderbare Terrasse zu gestalten. Oft werden diese von unseren Kunden mit einer Markise oder Pergola zus\u00e4tzlich ausgestattet um im&hellip;&nbsp;<a href=\"https:\/\/dachprofi-englert.de\/index.php\/holzterassen\/\" class=\"\" rel=\"bookmark\">Weiterlesen &raquo;<span class=\"screen-reader-text\">Holzterassen<\/span><\/a><\/p>\n","protected":false},"author":1,"featured_media":247,"parent":0,"menu_order":0,"comment_status":"closed","ping_status":"closed","template":"","meta":{"neve_meta_sidebar":"","neve_meta_container":"","neve_meta_enable_content_width":"","neve_meta_content_width":0,"neve_meta_title_alignment":"","neve_meta_author_avatar":"","neve_post_elements_order":"","neve_meta_disable_header":"","neve_meta_disable_footer":"","neve_meta_disable_title":""},"_links":{"self":[{"href":"https:\/\/dachprofi-englert.de\/index.php\/wp-json\/wp\/v2\/pages\/70"}],"collection":[{"href":"https:\/\/dachprofi-englert.de\/index.php\/wp-json\/wp\/v2\/pages"}],"about":[{"href":"https:\/\/dachprofi-englert.de\/index.php\/wp-json\/wp\/v2\/types\/page"}],"author":[{"embeddable":true,"href":"https:\/\/dachprofi-englert.de\/index.php\/wp-json\/wp\/v2\/users\/1"}],"replies":[{"embeddable":true,"href":"https:\/\/dachprofi-englert.de\/index.php\/wp-json\/wp\/v2\/comments?post=70"}],"version-history":[{"count":3,"href":"https:\/\/dachprofi-englert.de\/index.php\/wp-json\/wp\/v2\/pages\/70\/revisions"}],"predecessor-version":[{"id":933,"href":"https:\/\/dachprofi-englert.de\/index.php\/wp-json\/wp\/v2\/pages\/70\/revisions\/933"}],"wp:featuredmedia":[{"embeddable":true,"href":"https:\/\/dachprofi-englert.de\/index.php\/wp-json\/wp\/v2\/media\/247"}],"wp:attachment":[{"href":"https:\/\/dachprofi-englert.de\/index.php\/wp-json\/wp\/v2\/media?parent=70"}],"curies":[{"name":"wp","href":"https:\/\/api.w.org\/{rel}","templated":true}]}}