{"id":72,"date":"2015-05-01T06:08:52","date_gmt":"2015-05-01T06:08:52","guid":{"rendered":"http:\/\/dachprofi-englert.de\/?page_id=72"},"modified":"2023-01-18T08:17:25","modified_gmt":"2023-01-18T08:17:25","slug":"vordaecher","status":"publish","type":"page","link":"https:\/\/dachprofi-englert.de\/index.php\/vordaecher\/","title":{"rendered":"Vord\u00e4cher"},"content":{"rendered":"<div id=\"attachment_186\" style=\"width: 310px\" class=\"wp-caption alignleft\"><a href=\"https:\/\/dachprofi-englert.de\/wp-content\/uploads\/2015\/05\/vordaecher-g.jpg\"><img aria-describedby=\"caption-attachment-186\" decoding=\"async\" loading=\"lazy\" class=\"size-medium wp-image-186\" src=\"http:\/\/dachprofi-englert.de\/wp-content\/uploads\/2015\/05\/vordaecher-g-300x225.jpg\" alt=\"Vord\u00e4cher\" width=\"300\" height=\"225\" srcset=\"https:\/\/dachprofi-englert.de\/wp-content\/uploads\/2015\/05\/vordaecher-g-300x225.jpg 300w, https:\/\/dachprofi-englert.de\/wp-content\/uploads\/2015\/05\/vordaecher-g.jpg 800w\" sizes=\"(max-width: 300px) 100vw, 300px\" \/><\/a><\/p>\n<p id=\"caption-attachment-186\" class=\"wp-caption-text\">Vord\u00e4cher<\/p>\n<\/div>\n<p>Vord\u00e4cher dienen nicht nur dem Eingangsbereich vor Schutz gegen Witterungseinfl\u00fcsse wie Regen oder Wind.<\/p>\n<p>Immer \u00d6fters werden Vord\u00e4cher von unseren Kunden auch zur \u201eVersch\u00f6nerung\u201c und visuellen Aufwertung des Hauses in Auftrag gegeben.<\/p>\n<p>Was liegt da n\u00e4her, als diese aus einem lebendigen und \u201ewarmen\u201c Werkstoff wie Holz herzustellen und den \u201ekalten\u201c Stahl vom Haus zu verbannen?<\/p>\n","protected":false},"excerpt":{"rendered":"<p>Vord\u00e4cher dienen nicht nur dem Eingangsbereich vor Schutz gegen Witterungseinfl\u00fcsse wie Regen oder Wind. Immer \u00d6fters werden Vord\u00e4cher von unseren Kunden auch zur \u201eVersch\u00f6nerung\u201c und visuellen Aufwertung des Hauses in Auftrag gegeben. Was liegt da n\u00e4her, als diese aus einem lebendigen und \u201ewarmen\u201c Werkstoff wie Holz herzustellen und den \u201ekalten\u201c Stahl vom Haus zu verbannen?<\/p>\n","protected":false},"author":1,"featured_media":247,"parent":0,"menu_order":0,"comment_status":"closed","ping_status":"closed","template":"","meta":{"neve_meta_sidebar":"","neve_meta_container":"","neve_meta_enable_content_width":"","neve_meta_content_width":0,"neve_meta_title_alignment":"","neve_meta_author_avatar":"","neve_post_elements_order":"","neve_meta_disable_header":"","neve_meta_disable_footer":"","neve_meta_disable_title":""},"_links":{"self":[{"href":"https:\/\/dachprofi-englert.de\/index.php\/wp-json\/wp\/v2\/pages\/72"}],"collection":[{"href":"https:\/\/dachprofi-englert.de\/index.php\/wp-json\/wp\/v2\/pages"}],"about":[{"href":"https:\/\/dachprofi-englert.de\/index.php\/wp-json\/wp\/v2\/types\/page"}],"author":[{"embeddable":true,"href":"https:\/\/dachprofi-englert.de\/index.php\/wp-json\/wp\/v2\/users\/1"}],"replies":[{"embeddable":true,"href":"https:\/\/dachprofi-englert.de\/index.php\/wp-json\/wp\/v2\/comments?post=72"}],"version-history":[{"count":4,"href":"https:\/\/dachprofi-englert.de\/index.php\/wp-json\/wp\/v2\/pages\/72\/revisions"}],"predecessor-version":[{"id":935,"href":"https:\/\/dachprofi-englert.de\/index.php\/wp-json\/wp\/v2\/pages\/72\/revisions\/935"}],"wp:featuredmedia":[{"embeddable":true,"href":"https:\/\/dachprofi-englert.de\/index.php\/wp-json\/wp\/v2\/media\/247"}],"wp:attachment":[{"href":"https:\/\/dachprofi-englert.de\/index.php\/wp-json\/wp\/v2\/media?parent=72"}],"curies":[{"name":"wp","href":"https:\/\/api.w.org\/{rel}","templated":true}]}}