{"id":75,"date":"2015-05-01T06:09:02","date_gmt":"2015-05-01T06:09:02","guid":{"rendered":"http:\/\/dachprofi-englert.de\/?page_id=75"},"modified":"2023-01-18T08:07:17","modified_gmt":"2023-01-18T08:07:17","slug":"carports","status":"publish","type":"page","link":"https:\/\/dachprofi-englert.de\/index.php\/carports\/","title":{"rendered":"Carports"},"content":{"rendered":"<div id=\"attachment_188\" style=\"width: 310px\" class=\"wp-caption alignleft\"><a href=\"https:\/\/dachprofi-englert.de\/wp-content\/uploads\/2015\/05\/carports-g.jpg\"><img aria-describedby=\"caption-attachment-188\" decoding=\"async\" loading=\"lazy\" class=\"size-medium wp-image-188\" src=\"http:\/\/dachprofi-englert.de\/wp-content\/uploads\/2015\/05\/carports-g-300x225.jpg\" alt=\"Carports\" width=\"300\" height=\"225\" srcset=\"https:\/\/dachprofi-englert.de\/wp-content\/uploads\/2015\/05\/carports-g-300x225.jpg 300w, https:\/\/dachprofi-englert.de\/wp-content\/uploads\/2015\/05\/carports-g.jpg 800w\" sizes=\"(max-width: 300px) 100vw, 300px\" \/><\/a><\/p>\n<p id=\"caption-attachment-188\" class=\"wp-caption-text\">Carports<\/p>\n<\/div>\n<p>Immer beliebter bei unseren Kunden werden die von uns angebotenen &#8222;ma\u00dfgeschneiderten&#8220; Carports (\u00fcbersetzt &#8222;Autohafen&#8220;). Die typische Holzkonstruktion ist ein Unterstellplatz f\u00fcr Ihren PKW, Ihr Motorrad oder Ihren LKW (so wie in unserem Unternehmen), welcher dem Schutz des Fahrzeugs vor Umwelteinfl\u00fcssen wie zum Beispiel Schnee, Vereisung der Scheiben, Hagel oder Regen dient.<\/p>\n<p>Unsere einfachen Caports besitzen ein Flachdach, hochwertigere Ausf\u00fchren auch schon einmal ein Satteldach. Zwischen den Carportst\u00fctzen, auf welchen das Dach gelagert ist, k\u00f6nnen die Seiten je nach Kundenwunsch offen, teil geschlossen oder ganz geschlossen sein. Die Einfahrt eines Caports ist im Gegensatz zu der herk\u00f6mmlichen Garage jedoch immer offen.<\/p>\n<p>Der Gestaltung oder Erweiterung durch einen Lager- oder Ger\u00e4teraum am Carport sind keine Grenzen gesetzt.<\/p>\n<p>Ein gro\u00dfer Vorteil eines Carports gegen\u00fcber der Garage ist, dass aufgrund der offenen Bauweise das Fahrzeug schneller trocknet. Die Feuchtigkeit wird schneller als in einer geschlossenen Bauweise abgef\u00fchrt weshalb die Gefahr sinkt, dass das untergestellte Fahrzeug schon in jungen Jahren Rost ansetzt.<\/p>\n","protected":false},"excerpt":{"rendered":"<p>Immer beliebter bei unseren Kunden werden die von uns angebotenen &#8222;ma\u00dfgeschneiderten&#8220; Carports (\u00fcbersetzt &#8222;Autohafen&#8220;). Die typische Holzkonstruktion ist ein Unterstellplatz f\u00fcr Ihren PKW, Ihr Motorrad oder Ihren LKW (so wie in unserem Unternehmen), welcher dem Schutz des Fahrzeugs vor Umwelteinfl\u00fcssen wie zum Beispiel Schnee, Vereisung der Scheiben, Hagel oder Regen dient. Unsere einfachen Caports besitzen&hellip;&nbsp;<a href=\"https:\/\/dachprofi-englert.de\/index.php\/carports\/\" class=\"\" rel=\"bookmark\">Weiterlesen &raquo;<span class=\"screen-reader-text\">Carports<\/span><\/a><\/p>\n","protected":false},"author":1,"featured_media":247,"parent":0,"menu_order":0,"comment_status":"closed","ping_status":"closed","template":"","meta":{"neve_meta_sidebar":"","neve_meta_container":"","neve_meta_enable_content_width":"","neve_meta_content_width":0,"neve_meta_title_alignment":"","neve_meta_author_avatar":"","neve_post_elements_order":"","neve_meta_disable_header":"","neve_meta_disable_footer":"","neve_meta_disable_title":""},"_links":{"self":[{"href":"https:\/\/dachprofi-englert.de\/index.php\/wp-json\/wp\/v2\/pages\/75"}],"collection":[{"href":"https:\/\/dachprofi-englert.de\/index.php\/wp-json\/wp\/v2\/pages"}],"about":[{"href":"https:\/\/dachprofi-englert.de\/index.php\/wp-json\/wp\/v2\/types\/page"}],"author":[{"embeddable":true,"href":"https:\/\/dachprofi-englert.de\/index.php\/wp-json\/wp\/v2\/users\/1"}],"replies":[{"embeddable":true,"href":"https:\/\/dachprofi-englert.de\/index.php\/wp-json\/wp\/v2\/comments?post=75"}],"version-history":[{"count":4,"href":"https:\/\/dachprofi-englert.de\/index.php\/wp-json\/wp\/v2\/pages\/75\/revisions"}],"predecessor-version":[{"id":924,"href":"https:\/\/dachprofi-englert.de\/index.php\/wp-json\/wp\/v2\/pages\/75\/revisions\/924"}],"wp:featuredmedia":[{"embeddable":true,"href":"https:\/\/dachprofi-englert.de\/index.php\/wp-json\/wp\/v2\/media\/247"}],"wp:attachment":[{"href":"https:\/\/dachprofi-englert.de\/index.php\/wp-json\/wp\/v2\/media?parent=75"}],"curies":[{"name":"wp","href":"https:\/\/api.w.org\/{rel}","templated":true}]}}