{"id":77,"date":"2015-05-01T06:09:14","date_gmt":"2015-05-01T06:09:14","guid":{"rendered":"http:\/\/dachprofi-englert.de\/?page_id=77"},"modified":"2023-01-18T08:06:51","modified_gmt":"2023-01-18T08:06:51","slug":"bodentreppen","status":"publish","type":"page","link":"https:\/\/dachprofi-englert.de\/index.php\/bodentreppen\/","title":{"rendered":"Bodentreppen"},"content":{"rendered":"<div id=\"attachment_191\" style=\"width: 310px\" class=\"wp-caption alignleft\"><a href=\"https:\/\/dachprofi-englert.de\/wp-content\/uploads\/2015\/05\/bodentreppen-g.jpg\"><img aria-describedby=\"caption-attachment-191\" decoding=\"async\" loading=\"lazy\" class=\"size-medium wp-image-191\" src=\"http:\/\/dachprofi-englert.de\/wp-content\/uploads\/2015\/05\/bodentreppen-g-300x225.jpg\" alt=\"Bodentreppen\" width=\"300\" height=\"225\" srcset=\"https:\/\/dachprofi-englert.de\/wp-content\/uploads\/2015\/05\/bodentreppen-g-300x225.jpg 300w, https:\/\/dachprofi-englert.de\/wp-content\/uploads\/2015\/05\/bodentreppen-g.jpg 800w\" sizes=\"(max-width: 300px) 100vw, 300px\" \/><\/a><\/p>\n<p id=\"caption-attachment-191\" class=\"wp-caption-text\">Bodentreppen<\/p>\n<\/div>\n<p>Eine M\u00f6glichkeit den Zugang f\u00fcr untergeordnete Dachb\u00f6den zu erschlie\u00dfen. Es gibt verschiedene Varianten wie Scherentreppen, Holztreppen, ged\u00e4mmte&#8230;<\/p>\n","protected":false},"excerpt":{"rendered":"<p>Eine M\u00f6glichkeit den Zugang f\u00fcr untergeordnete Dachb\u00f6den zu erschlie\u00dfen. Es gibt verschiedene Varianten wie Scherentreppen, Holztreppen, ged\u00e4mmte&#8230;<\/p>\n","protected":false},"author":1,"featured_media":247,"parent":0,"menu_order":0,"comment_status":"closed","ping_status":"closed","template":"","meta":{"neve_meta_sidebar":"","neve_meta_container":"","neve_meta_enable_content_width":"","neve_meta_content_width":0,"neve_meta_title_alignment":"","neve_meta_author_avatar":"","neve_post_elements_order":"","neve_meta_disable_header":"","neve_meta_disable_footer":"","neve_meta_disable_title":""},"_links":{"self":[{"href":"https:\/\/dachprofi-englert.de\/index.php\/wp-json\/wp\/v2\/pages\/77"}],"collection":[{"href":"https:\/\/dachprofi-englert.de\/index.php\/wp-json\/wp\/v2\/pages"}],"about":[{"href":"https:\/\/dachprofi-englert.de\/index.php\/wp-json\/wp\/v2\/types\/page"}],"author":[{"embeddable":true,"href":"https:\/\/dachprofi-englert.de\/index.php\/wp-json\/wp\/v2\/users\/1"}],"replies":[{"embeddable":true,"href":"https:\/\/dachprofi-englert.de\/index.php\/wp-json\/wp\/v2\/comments?post=77"}],"version-history":[{"count":4,"href":"https:\/\/dachprofi-englert.de\/index.php\/wp-json\/wp\/v2\/pages\/77\/revisions"}],"predecessor-version":[{"id":923,"href":"https:\/\/dachprofi-englert.de\/index.php\/wp-json\/wp\/v2\/pages\/77\/revisions\/923"}],"wp:featuredmedia":[{"embeddable":true,"href":"https:\/\/dachprofi-englert.de\/index.php\/wp-json\/wp\/v2\/media\/247"}],"wp:attachment":[{"href":"https:\/\/dachprofi-englert.de\/index.php\/wp-json\/wp\/v2\/media?parent=77"}],"curies":[{"name":"wp","href":"https:\/\/api.w.org\/{rel}","templated":true}]}}